{"id":9,"date":"2023-10-03T07:57:47","date_gmt":"2023-10-03T07:57:47","guid":{"rendered":"http:\/\/localhost\/wordpress\/?page_id=9"},"modified":"2023-11-27T17:11:35","modified_gmt":"2023-11-27T16:11:35","slug":"alles-aus-einer-hand","status":"publish","type":"page","link":"https:\/\/dk-realitaeten.at\/index.php\/alles-aus-einer-hand\/","title":{"rendered":"Alles aus einer Hand"},"content":{"rendered":"\n<figure class=\"wp-block-image size-large\"><img loading=\"lazy\" decoding=\"async\" width=\"1024\" height=\"683\" src=\"http:\/\/dk-realitaeten.at\/wp-content\/uploads\/2023\/11\/aus-einer-hand-1024x683.jpg\" alt=\"\" class=\"wp-image-753\" srcset=\"https:\/\/dk-realitaeten.at\/wp-content\/uploads\/2023\/11\/aus-einer-hand-1024x683.jpg 1024w, https:\/\/dk-realitaeten.at\/wp-content\/uploads\/2023\/11\/aus-einer-hand-300x200.jpg 300w, https:\/\/dk-realitaeten.at\/wp-content\/uploads\/2023\/11\/aus-einer-hand-768x512.jpg 768w, https:\/\/dk-realitaeten.at\/wp-content\/uploads\/2023\/11\/aus-einer-hand-1536x1024.jpg 1536w, https:\/\/dk-realitaeten.at\/wp-content\/uploads\/2023\/11\/aus-einer-hand.jpg 1800w\" sizes=\"auto, (max-width: 1024px) 100vw, 1024px\" \/><\/figure>\n\n\n\n<h4 class=\"wp-block-heading\">Lehnen Sie sich entspannt zur\u00fcck \u2013 wir wickeln f\u00fcr Sie alles rund im die Immobilie ab!<\/h4>\n\n\n\n<p>Unser umfassender und kompetenter Service, der sich durch die T\u00e4tigkeiten unseres Gesch\u00e4ftsf\u00fchrers Dr. Klemens Dallinger auch auf rechtliche Bereiche ausweitet, beinhaltet folgende Punkte:<\/p>\n\n\n\n<figure class=\"wp-block-table is-style-stripes\"><table class=\"has-fixed-layout\"><thead><tr><th class=\"has-text-align-center\" data-align=\"center\"><\/th><th class=\"has-text-align-center\" data-align=\"center\">Durch&nbsp;<br>DK Realit\u00e4ten GmbH<\/th><th class=\"has-text-align-center\" data-align=\"center\">Durch Rechtsanwalt<br>Dr. Klemens Dallinger<\/th><\/tr><\/thead><tbody><tr><td class=\"has-text-align-center\" data-align=\"center\">Beratung beim Grundst\u00fcckskauf<\/td><td class=\"has-text-align-center\" data-align=\"center\">X<\/td><td class=\"has-text-align-center\" data-align=\"center\"><\/td><\/tr><tr><td class=\"has-text-align-center\" data-align=\"center\">Expertise \u00fcber den Wert&nbsp;<br>eines Grundst\u00fcckes<\/td><td class=\"has-text-align-center\" data-align=\"center\">X<\/td><td class=\"has-text-align-center\" data-align=\"center\"><\/td><\/tr><tr><td class=\"has-text-align-center\" data-align=\"center\">Kaufvertrag \u00fcber Grundst\u00fccksankauf<\/td><td class=\"has-text-align-center\" data-align=\"center\"><\/td><td class=\"has-text-align-center\" data-align=\"center\">X<\/td><\/tr><tr><td class=\"has-text-align-center\" data-align=\"center\">K\u00e4ufersuche<\/td><td class=\"has-text-align-center\" data-align=\"center\">X<\/td><td class=\"has-text-align-center\" data-align=\"center\"><\/td><\/tr><tr><td class=\"has-text-align-center\" data-align=\"center\">Wohnungseigentumsvertrag<\/td><td class=\"has-text-align-center\" data-align=\"center\"><\/td><td class=\"has-text-align-center\" data-align=\"center\">X<\/td><\/tr><tr><td class=\"has-text-align-center\" data-align=\"center\">Kaufvertrag<\/td><td class=\"has-text-align-center\" data-align=\"center\"><\/td><td class=\"has-text-align-center\" data-align=\"center\">X<\/td><\/tr><tr><td class=\"has-text-align-center\" data-align=\"center\">Bautr\u00e4gervertrag<\/td><td class=\"has-text-align-center\" data-align=\"center\"><\/td><td class=\"has-text-align-center\" data-align=\"center\">X<\/td><\/tr><tr><td class=\"has-text-align-center\" data-align=\"center\">Finanzierungsberatung<\/td><td class=\"has-text-align-center\" data-align=\"center\">X<\/td><td class=\"has-text-align-center\" data-align=\"center\">X<\/td><\/tr><tr><td class=\"has-text-align-center\" data-align=\"center\">Expertise \u00fcber den Wert einer&nbsp;<br>Wohnung oder eines Hauses<\/td><td class=\"has-text-align-center\" data-align=\"center\">X<\/td><td class=\"has-text-align-center\" data-align=\"center\"><\/td><\/tr><tr><td class=\"has-text-align-center\" data-align=\"center\">Wirtschaftliche Beratung beim<br>Grundst\u00fcckskauf<\/td><td class=\"has-text-align-center\" data-align=\"center\">X<\/td><td class=\"has-text-align-center\" data-align=\"center\"><\/td><\/tr><tr><td class=\"has-text-align-center\" data-align=\"center\">Juristische Beratung beim<br>Grundst\u00fcckskauf<\/td><td class=\"has-text-align-center\" data-align=\"center\"><\/td><td class=\"has-text-align-center\" data-align=\"center\">X<\/td><\/tr><\/tbody><\/table><\/figure>\n","protected":false},"excerpt":{"rendered":"<p>Lehnen Sie sich entspannt zur\u00fcck \u2013 wir wickeln f\u00fcr Sie alles rund im die Immobilie ab! Unser umfassender und kompetenter Service, der sich durch die&hellip;<\/p>\n","protected":false},"author":1,"featured_media":0,"parent":0,"menu_order":0,"comment_status":"closed","ping_status":"closed","template":"","meta":{"footnotes":""},"class_list":["post-9","page","type-page","status-publish","hentry","wp-image-borders"],"_links":{"self":[{"href":"https:\/\/dk-realitaeten.at\/index.php\/wp-json\/wp\/v2\/pages\/9","targetHints":{"allow":["GET"]}}],"collection":[{"href":"https:\/\/dk-realitaeten.at\/index.php\/wp-json\/wp\/v2\/pages"}],"about":[{"href":"https:\/\/dk-realitaeten.at\/index.php\/wp-json\/wp\/v2\/types\/page"}],"author":[{"embeddable":true,"href":"https:\/\/dk-realitaeten.at\/index.php\/wp-json\/wp\/v2\/users\/1"}],"replies":[{"embeddable":true,"href":"https:\/\/dk-realitaeten.at\/index.php\/wp-json\/wp\/v2\/comments?post=9"}],"version-history":[{"count":1,"href":"https:\/\/dk-realitaeten.at\/index.php\/wp-json\/wp\/v2\/pages\/9\/revisions"}],"predecessor-version":[{"id":790,"href":"https:\/\/dk-realitaeten.at\/index.php\/wp-json\/wp\/v2\/pages\/9\/revisions\/790"}],"wp:attachment":[{"href":"https:\/\/dk-realitaeten.at\/index.php\/wp-json\/wp\/v2\/media?parent=9"}],"curies":[{"name":"wp","href":"https:\/\/api.w.org\/{rel}","templated":true}]}}