{"id":16,"date":"2023-10-03T07:57:54","date_gmt":"2023-10-03T07:57:54","guid":{"rendered":"http:\/\/localhost\/wordpress\/?page_id=16"},"modified":"2023-11-27T17:14:57","modified_gmt":"2023-11-27T16:14:57","slug":"angela-lessky","status":"publish","type":"page","link":"https:\/\/dk-realitaeten.at\/index.php\/uber-uns\/angela-lessky\/","title":{"rendered":"Angela Lessky"},"content":{"rendered":"\n<div class=\"wp-block-columns is-layout-flex wp-container-core-columns-is-layout-9d6595d7 wp-block-columns-is-layout-flex\">\n<div class=\"wp-block-column is-layout-flow wp-block-column-is-layout-flow\" style=\"flex-basis:50%\">\n<figure class=\"wp-block-image size-large\"><img loading=\"lazy\" decoding=\"async\" width=\"683\" height=\"1024\" src=\"http:\/\/dk-realitaeten.at\/wp-content\/uploads\/2023\/11\/Ang-pc-2-683x1024.jpg\" alt=\"\" class=\"wp-image-751\" srcset=\"https:\/\/dk-realitaeten.at\/wp-content\/uploads\/2023\/11\/Ang-pc-2-683x1024.jpg 683w, https:\/\/dk-realitaeten.at\/wp-content\/uploads\/2023\/11\/Ang-pc-2-200x300.jpg 200w, https:\/\/dk-realitaeten.at\/wp-content\/uploads\/2023\/11\/Ang-pc-2.jpg 744w\" sizes=\"auto, (max-width: 683px) 100vw, 683px\" \/><\/figure>\n<\/div>\n\n\n\n<div class=\"wp-block-column is-layout-flow wp-block-column-is-layout-flow\" style=\"flex-basis:50%\">\n<div class=\"wp-block-group\"><div class=\"wp-block-group__inner-container is-layout-constrained wp-block-group-is-layout-constrained\">\n<h4 class=\"wp-block-heading\">Maklerin<\/h4>\n\n\n\n<p>Frau Angela Lessky hat den \u201eUniversit\u00e4tslehrgang f\u00fcr Werbung und Verkauf\u201c im Jahr 1986 abgeschlossen.&nbsp;<\/p>\n\n\n\n<p>Anschlie\u00dfend war sie in der Marktforschung (Dr. Fessel \/ GFK Institut) und in der Werbung (selbst\u00e4ndige Kundenbetreuerin namhafter Kunden, etwa Elektra Bregenz) besch\u00e4ftigt.&nbsp;<\/p>\n\n\n\n<p>Nach Familiengr\u00fcndung und Jahren der Kindererziehung arbeitet sie seit Mai 2009 in der DK Realit\u00e4ten und ist schwerpunktm\u00e4\u00dfig mit dem Verkauf und Vermietung von Immobilien besch\u00e4ftigt.<\/p>\n\n\n\n<p>Seit 2010 ist sie mit der Leitung der Abteilung Immobilienmakeln betraut.<\/p>\n\n\n\n<p>Im Jahr 2019 hat sie die Immobilienmaklerpr\u00fcfung abgelegt, 2020 die Unternehmerpr\u00fcfung und ist seither gewerberechtliche Gesch\u00e4ftsf\u00fchrerin der DK Realit\u00e4ten GmbH.<\/p>\n\n\n\n<p>Der pers\u00f6nliche Kontakt mit Kunden und deren Bed\u00fcrfniserforschung ist ihr ein Hauptanliegen, so wurde die DK Realit\u00e4ten GmbH schon mehrmals als Qualit\u00e4tsmakler von der Immobilienplattform FindMyHome ausgezeichnet.<\/p>\n<\/div><\/div>\n<\/div>\n<\/div>\n","protected":false},"excerpt":{"rendered":"<p>Maklerin Frau Angela Lessky hat den \u201eUniversit\u00e4tslehrgang f\u00fcr Werbung und Verkauf\u201c im Jahr 1986 abgeschlossen.&nbsp; Anschlie\u00dfend war sie in der Marktforschung (Dr. Fessel \/ GFK&hellip;<\/p>\n","protected":false},"author":1,"featured_media":0,"parent":11,"menu_order":0,"comment_status":"closed","ping_status":"closed","template":"","meta":{"footnotes":""},"class_list":["post-16","page","type-page","status-publish","hentry","wp-image-borders"],"_links":{"self":[{"href":"https:\/\/dk-realitaeten.at\/index.php\/wp-json\/wp\/v2\/pages\/16","targetHints":{"allow":["GET"]}}],"collection":[{"href":"https:\/\/dk-realitaeten.at\/index.php\/wp-json\/wp\/v2\/pages"}],"about":[{"href":"https:\/\/dk-realitaeten.at\/index.php\/wp-json\/wp\/v2\/types\/page"}],"author":[{"embeddable":true,"href":"https:\/\/dk-realitaeten.at\/index.php\/wp-json\/wp\/v2\/users\/1"}],"replies":[{"embeddable":true,"href":"https:\/\/dk-realitaeten.at\/index.php\/wp-json\/wp\/v2\/comments?post=16"}],"version-history":[{"count":1,"href":"https:\/\/dk-realitaeten.at\/index.php\/wp-json\/wp\/v2\/pages\/16\/revisions"}],"predecessor-version":[{"id":799,"href":"https:\/\/dk-realitaeten.at\/index.php\/wp-json\/wp\/v2\/pages\/16\/revisions\/799"}],"up":[{"embeddable":true,"href":"https:\/\/dk-realitaeten.at\/index.php\/wp-json\/wp\/v2\/pages\/11"}],"wp:attachment":[{"href":"https:\/\/dk-realitaeten.at\/index.php\/wp-json\/wp\/v2\/media?parent=16"}],"curies":[{"name":"wp","href":"https:\/\/api.w.org\/{rel}","templated":true}]}}