{"id":14,"date":"2023-10-03T07:58:01","date_gmt":"2023-10-03T07:58:01","guid":{"rendered":"http:\/\/localhost\/wordpress\/?page_id=14"},"modified":"2023-11-27T17:15:23","modified_gmt":"2023-11-27T16:15:23","slug":"dr-klemens-dallinger","status":"publish","type":"page","link":"https:\/\/dk-realitaeten.at\/index.php\/uber-uns\/dr-klemens-dallinger\/","title":{"rendered":"Dr. Klemens Dallinger"},"content":{"rendered":"\n<div class=\"wp-block-columns is-layout-flex wp-container-core-columns-is-layout-9d6595d7 wp-block-columns-is-layout-flex\">\n<div class=\"wp-block-column is-layout-flow wp-block-column-is-layout-flow\" style=\"flex-basis:50%\">\n<figure class=\"wp-block-image size-large is-style-default\"><img loading=\"lazy\" decoding=\"async\" width=\"683\" height=\"1024\" src=\"http:\/\/dk-realitaeten.at\/wp-content\/uploads\/2023\/11\/KD-Tisch-683x1024.jpg\" alt=\"\" class=\"wp-image-755\" srcset=\"https:\/\/dk-realitaeten.at\/wp-content\/uploads\/2023\/11\/KD-Tisch-683x1024.jpg 683w, https:\/\/dk-realitaeten.at\/wp-content\/uploads\/2023\/11\/KD-Tisch-200x300.jpg 200w, https:\/\/dk-realitaeten.at\/wp-content\/uploads\/2023\/11\/KD-Tisch-768x1152.jpg 768w, https:\/\/dk-realitaeten.at\/wp-content\/uploads\/2023\/11\/KD-Tisch-1024x1536.jpg 1024w, https:\/\/dk-realitaeten.at\/wp-content\/uploads\/2023\/11\/KD-Tisch.jpg 1200w\" sizes=\"auto, (max-width: 683px) 100vw, 683px\" \/><\/figure>\n<\/div>\n\n\n\n<div class=\"wp-block-column is-layout-flow wp-block-column-is-layout-flow\" style=\"flex-basis:50%\">\n<div class=\"wp-block-group\"><div class=\"wp-block-group__inner-container is-layout-constrained wp-block-group-is-layout-constrained\">\n<h4 class=\"wp-block-heading\">Rechtsanwalt<\/h4>\n\n\n\n<p>Seit 1984 arbeitet Dr. Klemens Dallinger erfolgreich als Rechtsanwalt.&nbsp;<\/p>\n\n\n\n<p>Bereits seit 1979, als er noch als Rechtsanwaltsanw\u00e4rter in der Kanzlei Grohs, Goriany &amp; Hofer t\u00e4tig war, besch\u00e4ftigt er sich schwerpunktartig mit dem Entwickeln, dem Verkauf, der Verwertung und dem Makeln von Immobilien.&nbsp;<\/p>\n\n\n\n<p>Seit seiner Eintragung als Rechtsanwalt hat er viele Erfahrungen bei der Verwertung von Liegenschaften in seiner Eigenschaft als Masseverwalter in namhaften Insolvenzverfahren erworben.&nbsp;<\/p>\n\n\n\n<p>Seit Mai 2006 ist Dr. Klemens Dallinger Gesch\u00e4ftsf\u00fchrer der DK Realit\u00e4ten GmbH.&nbsp;<\/p>\n\n\n\n<p>Seine Homepage als Rechtsanwalt finden Sie unter&nbsp;<a href=\"http:\/\/www.anwaltsteam.at\/\" target=\"_blank\" rel=\"noreferrer noopener\">www.anwaltsteam.at<\/a><\/p>\n\n\n\n<h4 class=\"wp-block-heading\">Referenzprojekte:<\/h4>\n\n\n\n<p>Entwicklung des Palais Coburgs (Seilerst\u00e4tte&nbsp;1, 1010 Wien) zur Verkaufsreife und Verkauf<\/p>\n\n\n\n<p>Verkauf des Palais Carl Ludwig (Favoritenstra\u00dfe&nbsp;7, 1040 Wien)<\/p>\n\n\n\n<p>Verkauf des B\u00fcrogeb\u00e4udes Lothringerstra\u00dfe 1&nbsp;<\/p>\n\n\n\n<p>Organisierung der Fertigstellung der im Konkurs steckenden Reihenhausanlage Geblergasse 66, 1170 Wien und Abverkauf der Reihenh\u00e4user und Wohnungen&nbsp;<\/p>\n\n\n\n<p>Beratung und Vertretung von Bautr\u00e4gern&nbsp;<\/p>\n<\/div><\/div>\n<\/div>\n<\/div>\n","protected":false},"excerpt":{"rendered":"<p>Rechtsanwalt Seit 1984 arbeitet Dr. Klemens Dallinger erfolgreich als Rechtsanwalt.&nbsp; Bereits seit 1979, als er noch als Rechtsanwaltsanw\u00e4rter in der Kanzlei Grohs, Goriany &amp; Hofer&hellip;<\/p>\n","protected":false},"author":1,"featured_media":0,"parent":11,"menu_order":0,"comment_status":"closed","ping_status":"closed","template":"","meta":{"footnotes":""},"class_list":["post-14","page","type-page","status-publish","hentry","wp-image-borders"],"_links":{"self":[{"href":"https:\/\/dk-realitaeten.at\/index.php\/wp-json\/wp\/v2\/pages\/14","targetHints":{"allow":["GET"]}}],"collection":[{"href":"https:\/\/dk-realitaeten.at\/index.php\/wp-json\/wp\/v2\/pages"}],"about":[{"href":"https:\/\/dk-realitaeten.at\/index.php\/wp-json\/wp\/v2\/types\/page"}],"author":[{"embeddable":true,"href":"https:\/\/dk-realitaeten.at\/index.php\/wp-json\/wp\/v2\/users\/1"}],"replies":[{"embeddable":true,"href":"https:\/\/dk-realitaeten.at\/index.php\/wp-json\/wp\/v2\/comments?post=14"}],"version-history":[{"count":1,"href":"https:\/\/dk-realitaeten.at\/index.php\/wp-json\/wp\/v2\/pages\/14\/revisions"}],"predecessor-version":[{"id":800,"href":"https:\/\/dk-realitaeten.at\/index.php\/wp-json\/wp\/v2\/pages\/14\/revisions\/800"}],"up":[{"embeddable":true,"href":"https:\/\/dk-realitaeten.at\/index.php\/wp-json\/wp\/v2\/pages\/11"}],"wp:attachment":[{"href":"https:\/\/dk-realitaeten.at\/index.php\/wp-json\/wp\/v2\/media?parent=14"}],"curies":[{"name":"wp","href":"https:\/\/api.w.org\/{rel}","templated":true}]}}