{"id":11,"date":"2023-10-03T07:58:21","date_gmt":"2023-10-03T07:58:21","guid":{"rendered":"http:\/\/localhost\/wordpress\/?page_id=11"},"modified":"2023-11-27T17:14:38","modified_gmt":"2023-11-27T16:14:38","slug":"uber-uns","status":"publish","type":"page","link":"https:\/\/dk-realitaeten.at\/index.php\/uber-uns\/","title":{"rendered":"\u00dcber uns"},"content":{"rendered":"\n<div class=\"wp-block-columns is-layout-flex wp-container-core-columns-is-layout-9d6595d7 wp-block-columns-is-layout-flex\">\n<div class=\"wp-block-column is-layout-flow wp-block-column-is-layout-flow\">\n<figure class=\"wp-block-image size-large\"><img loading=\"lazy\" decoding=\"async\" width=\"1024\" height=\"683\" src=\"http:\/\/dk-realitaeten.at\/wp-content\/uploads\/2023\/11\/KD-pc-1024x683.jpg\" alt=\"\" class=\"wp-image-754\" srcset=\"https:\/\/dk-realitaeten.at\/wp-content\/uploads\/2023\/11\/KD-pc-1024x683.jpg 1024w, https:\/\/dk-realitaeten.at\/wp-content\/uploads\/2023\/11\/KD-pc-300x200.jpg 300w, https:\/\/dk-realitaeten.at\/wp-content\/uploads\/2023\/11\/KD-pc-768x512.jpg 768w, https:\/\/dk-realitaeten.at\/wp-content\/uploads\/2023\/11\/KD-pc-1536x1024.jpg 1536w, https:\/\/dk-realitaeten.at\/wp-content\/uploads\/2023\/11\/KD-pc.jpg 1800w\" sizes=\"auto, (max-width: 1024px) 100vw, 1024px\" \/><\/figure>\n\n\n\n<p class=\"has-text-align-center\"><a href=\"http:\/\/localhost\/wordpress\/uber-uns\/dr-klemens-dallinger\/\" data-type=\"page\" data-id=\"14\">Dr. Klemens Dallinger<\/a><br>Gesch\u00e4ftsf\u00fchrer der DK Realit\u00e4ten GmbH<\/p>\n<\/div>\n\n\n\n<div class=\"wp-block-column is-layout-flow wp-block-column-is-layout-flow\">\n<figure class=\"wp-block-image size-large\"><img loading=\"lazy\" decoding=\"async\" width=\"1024\" height=\"683\" src=\"http:\/\/dk-realitaeten.at\/wp-content\/uploads\/2023\/11\/Ang-pc-1024x683.jpg\" alt=\"\" class=\"wp-image-752\" srcset=\"https:\/\/dk-realitaeten.at\/wp-content\/uploads\/2023\/11\/Ang-pc-1024x683.jpg 1024w, https:\/\/dk-realitaeten.at\/wp-content\/uploads\/2023\/11\/Ang-pc-300x200.jpg 300w, https:\/\/dk-realitaeten.at\/wp-content\/uploads\/2023\/11\/Ang-pc-768x512.jpg 768w, https:\/\/dk-realitaeten.at\/wp-content\/uploads\/2023\/11\/Ang-pc-1536x1024.jpg 1536w, https:\/\/dk-realitaeten.at\/wp-content\/uploads\/2023\/11\/Ang-pc.jpg 1800w\" sizes=\"auto, (max-width: 1024px) 100vw, 1024px\" \/><\/figure>\n\n\n\n<p class=\"has-text-align-center\"><a href=\"http:\/\/localhost\/wordpress\/angela-lessky\/\" data-type=\"page\" data-id=\"16\">Angela Lessky<\/a><br>gewerberechtliche Gesch\u00e4ftsf\u00fchrerin der<br>DK Realit\u00e4ten GmbH<\/p>\n<\/div>\n<\/div>\n","protected":false},"excerpt":{"rendered":"<p>Dr. Klemens DallingerGesch\u00e4ftsf\u00fchrer der DK Realit\u00e4ten GmbH Angela Lesskygewerberechtliche Gesch\u00e4ftsf\u00fchrerin derDK Realit\u00e4ten GmbH<\/p>\n","protected":false},"author":1,"featured_media":0,"parent":0,"menu_order":0,"comment_status":"closed","ping_status":"closed","template":"","meta":{"footnotes":""},"class_list":["post-11","page","type-page","status-publish","hentry","wp-image-borders"],"_links":{"self":[{"href":"https:\/\/dk-realitaeten.at\/index.php\/wp-json\/wp\/v2\/pages\/11","targetHints":{"allow":["GET"]}}],"collection":[{"href":"https:\/\/dk-realitaeten.at\/index.php\/wp-json\/wp\/v2\/pages"}],"about":[{"href":"https:\/\/dk-realitaeten.at\/index.php\/wp-json\/wp\/v2\/types\/page"}],"author":[{"embeddable":true,"href":"https:\/\/dk-realitaeten.at\/index.php\/wp-json\/wp\/v2\/users\/1"}],"replies":[{"embeddable":true,"href":"https:\/\/dk-realitaeten.at\/index.php\/wp-json\/wp\/v2\/comments?post=11"}],"version-history":[{"count":1,"href":"https:\/\/dk-realitaeten.at\/index.php\/wp-json\/wp\/v2\/pages\/11\/revisions"}],"predecessor-version":[{"id":798,"href":"https:\/\/dk-realitaeten.at\/index.php\/wp-json\/wp\/v2\/pages\/11\/revisions\/798"}],"wp:attachment":[{"href":"https:\/\/dk-realitaeten.at\/index.php\/wp-json\/wp\/v2\/media?parent=11"}],"curies":[{"name":"wp","href":"https:\/\/api.w.org\/{rel}","templated":true}]}}